{"id":1914,"date":"2025-10-23T11:19:08","date_gmt":"2025-10-23T11:19:08","guid":{"rendered":"https:\/\/wecandanceit.ch\/?page_id=1914"},"modified":"2025-10-28T09:40:32","modified_gmt":"2025-10-28T09:40:32","slug":"la-team-care","status":"publish","type":"page","link":"https:\/\/wecandanceit.ch\/?page_id=1914","title":{"rendered":"La Team Care"},"content":{"rendered":"\t\t<div data-elementor-type=\"wp-page\" data-elementor-id=\"1914\" class=\"elementor elementor-1914\">\n\t\t\t\t<div class=\"elementor-element elementor-element-925ff76 e-flex e-con-boxed e-con e-parent\" data-id=\"925ff76\" data-element_type=\"container\">\n\t\t\t\t\t<div class=\"e-con-inner\">\n\t\t\t\t<div class=\"elementor-element elementor-element-44f3b87 elementor-widget elementor-widget-spacer\" data-id=\"44f3b87\" data-element_type=\"widget\" data-widget_type=\"spacer.default\">\n\t\t\t\t\t\t\t<div class=\"elementor-spacer\">\n\t\t\t<div class=\"elementor-spacer-inner\"><\/div>\n\t\t<\/div>\n\t\t\t\t\t\t<\/div>\n\t\t\t\t<div class=\"elementor-element elementor-element-d8681b9 elementor-widget elementor-widget-heading\" data-id=\"d8681b9\" data-element_type=\"widget\" data-widget_type=\"heading.default\">\n\t\t\t\t\t<h2 class=\"elementor-heading-title elementor-size-default\">La Team Care<\/h2>\t\t\t\t<\/div>\n\t\t\t\t<div class=\"elementor-element elementor-element-ec1c3e0 elementor-widget elementor-widget-spacer\" data-id=\"ec1c3e0\" data-element_type=\"widget\" data-widget_type=\"spacer.default\">\n\t\t\t\t\t\t\t<div class=\"elementor-spacer\">\n\t\t\t<div class=\"elementor-spacer-inner\"><\/div>\n\t\t<\/div>\n\t\t\t\t\t\t<\/div>\n\t\t\t\t\t<\/div>\n\t\t\t\t<\/div>\n\t\t<div class=\"elementor-element elementor-element-30dab0e e-flex e-con-boxed e-con e-parent\" data-id=\"30dab0e\" data-element_type=\"container\">\n\t\t\t\t\t<div class=\"e-con-inner\">\n\t\t\t\t<div class=\"elementor-element elementor-element-0227ef1 animated-fast elementor-invisible elementor-widget elementor-widget-text-editor\" data-id=\"0227ef1\" data-element_type=\"widget\" data-settings=\"{&quot;_animation&quot;:&quot;fadeInDown&quot;}\" data-widget_type=\"text-editor.default\">\n\t\t\t\t\t\t\t\t\t<h1><span style=\"color: #e61a80;\"><strong>D\u00e9finition<\/strong><\/span><\/h1>\t\t\t\t\t\t\t\t<\/div>\n\t\t\t\t<div class=\"elementor-element elementor-element-53d97d6 elementor-widget__width-initial elementor-invisible elementor-widget elementor-widget-text-editor\" data-id=\"53d97d6\" data-element_type=\"widget\" data-settings=\"{&quot;_animation&quot;:&quot;fadeInUp&quot;}\" data-widget_type=\"text-editor.default\">\n\t\t\t\t\t\t\t\t\t<h6 style=\"text-align: center;\"><strong><span style=\"color: #696969;\">La Team Care est un dispositif professionnel de pr\u00e9vention et de soin en milieu festif, d\u00e9velopp\u00e9 par l\u2019association We Can Dance iT \u00e0 Gen\u00e8ve.<\/span><\/strong><\/h6>\n<h6 style=\"text-align: center;\"><span style=\"color: #696969;\">Elle intervient exclusivement dans les situations de violences sexistes, sexuelles et de genre (VSSG), aupr\u00e8s des personnes concern\u00e9es comme des t\u00e9moins.<\/span><\/h6>\n<h6 style=\"text-align: center;\"><span style=\"color: #696969;\"><span style=\"color: #e61a80;\"><strong>Une team care est une \u00e9quipe de personnes en charge de veiller au bien-\u00eatre du public.<\/strong><\/span><\/span><\/h6>\n<h6 style=\"text-align: center;\"><span style=\"color: #696969;\">Par care nous entendons : \u00eatre attentifve \u00e0 ce qu\u2019il se passe sur les lieux, fournir de l\u2019\u00e9coute aux personnes du public qui en auraient besoin (r\u00e9ception de t\u00e9moignage, validation des v\u00e9cus, etc), \u00eatre une ressource en cas de difficult\u00e9 ou de besoin (sexisme ou autre forme de discriminations, agression sexuelle, de mal-\u00eatre \u00e9motionnel\/physique, de soumission chimique, etc).<\/span><\/h6>\t\t\t\t\t\t\t\t<\/div>\n\t\t\t\t<div class=\"elementor-element elementor-element-5ffc917 elementor-widget elementor-widget-spacer\" data-id=\"5ffc917\" data-element_type=\"widget\" data-widget_type=\"spacer.default\">\n\t\t\t\t\t\t\t<div class=\"elementor-spacer\">\n\t\t\t<div class=\"elementor-spacer-inner\"><\/div>\n\t\t<\/div>\n\t\t\t\t\t\t<\/div>\n\t\t\t\t<div class=\"elementor-element elementor-element-c1a65d6 elementor-widget elementor-widget-image\" data-id=\"c1a65d6\" data-element_type=\"widget\" data-widget_type=\"image.default\">\n\t\t\t\t\t\t\t\t\t\t\t\t\t\t\t<img fetchpriority=\"high\" decoding=\"async\" width=\"800\" height=\"600\" src=\"https:\/\/wecandanceit.ch\/wp-content\/uploads\/2025\/10\/IMG_7572-1024x768.jpg\" class=\"attachment-large size-large wp-image-2338\" alt=\"\" srcset=\"https:\/\/wecandanceit.ch\/wp-content\/uploads\/2025\/10\/IMG_7572-1024x768.jpg 1024w, https:\/\/wecandanceit.ch\/wp-content\/uploads\/2025\/10\/IMG_7572-300x225.jpg 300w, https:\/\/wecandanceit.ch\/wp-content\/uploads\/2025\/10\/IMG_7572-768x576.jpg 768w, https:\/\/wecandanceit.ch\/wp-content\/uploads\/2025\/10\/IMG_7572.jpg 1280w\" sizes=\"(max-width: 800px) 100vw, 800px\" \/>\t\t\t\t\t\t\t\t\t\t\t\t\t\t\t<\/div>\n\t\t\t\t<div class=\"elementor-element elementor-element-39cda5a elementor-widget elementor-widget-spacer\" data-id=\"39cda5a\" data-element_type=\"widget\" data-widget_type=\"spacer.default\">\n\t\t\t\t\t\t\t<div class=\"elementor-spacer\">\n\t\t\t<div class=\"elementor-spacer-inner\"><\/div>\n\t\t<\/div>\n\t\t\t\t\t\t<\/div>\n\t\t\t\t<div class=\"elementor-element elementor-element-9a53804 animated-fast elementor-invisible elementor-widget elementor-widget-text-editor\" data-id=\"9a53804\" data-element_type=\"widget\" data-settings=\"{&quot;_animation&quot;:&quot;fadeInLeft&quot;}\" data-widget_type=\"text-editor.default\">\n\t\t\t\t\t\t\t\t\t<h1 style=\"text-align: left;\"><span style=\"color: #e61a80;\"><strong>Objectifs<\/strong><\/span><\/h1>\t\t\t\t\t\t\t\t<\/div>\n\t\t\t\t<div class=\"elementor-element elementor-element-79e3943 elementor-widget__width-initial elementor-widget elementor-widget-text-editor\" data-id=\"79e3943\" data-element_type=\"widget\" data-widget_type=\"text-editor.default\">\n\t\t\t\t\t\t\t\t\t<h6 style=\"text-align: center;\"><span style=\"color: #000000;\"><span style=\"color: #e61a80;\">\u2022<\/span>\u00a0 <\/span><span style=\"color: #696969;\">Offrir un accompagnement confidentiel, bienveillant et non-jugeant aux personnes victimes ou t\u00e9moins de VSSG.<\/span><\/h6><h6 style=\"text-align: center;\"><span style=\"color: #e61a80;\">\u2022\u00a0 <\/span><span style=\"color: #696969;\">All\u00e9ger et soutenir l\u2019\u00e9quipe d\u2019accueil et de production en prenant en charge les situations sensibles.<\/span><\/h6><h6 style=\"text-align: center;\"><span style=\"color: #000000;\"><span style=\"color: #e61a80;\">\u2022<\/span>\u00a0 <\/span><span style=\"color: #696969;\">Pr\u00e9venir activement les violences en rep\u00e9rant les dynamiques \u00e0 risque dans l\u2019espace festif.<\/span><\/h6><h6 style=\"text-align: center;\"><span style=\"color: #000000;\"><span style=\"color: #e61a80;\">\u2022<\/span>\u00a0 <\/span><span style=\"color: #696969;\">Contribuer \u00e0 la sensibilisation du public \u00e0 travers une pr\u00e9sence visible et coh\u00e9rente avec les valeurs du lieu.<\/span><span style=\"color: #696969;\">\u00a0<\/span><\/h6>\t\t\t\t\t\t\t\t<\/div>\n\t\t\t\t<div class=\"elementor-element elementor-element-4d7d5c7 elementor-widget elementor-widget-spacer\" data-id=\"4d7d5c7\" data-element_type=\"widget\" data-widget_type=\"spacer.default\">\n\t\t\t\t\t\t\t<div class=\"elementor-spacer\">\n\t\t\t<div class=\"elementor-spacer-inner\"><\/div>\n\t\t<\/div>\n\t\t\t\t\t\t<\/div>\n\t\t\t\t<div class=\"elementor-element elementor-element-9fe5239 elementor-widget elementor-widget-image\" data-id=\"9fe5239\" data-element_type=\"widget\" data-widget_type=\"image.default\">\n\t\t\t\t\t\t\t\t\t\t\t\t\t\t\t<img decoding=\"async\" width=\"800\" height=\"600\" src=\"https:\/\/wecandanceit.ch\/wp-content\/uploads\/2025\/10\/IMG_7569-1024x768.jpg\" class=\"attachment-large size-large wp-image-2339\" alt=\"\" srcset=\"https:\/\/wecandanceit.ch\/wp-content\/uploads\/2025\/10\/IMG_7569-1024x768.jpg 1024w, https:\/\/wecandanceit.ch\/wp-content\/uploads\/2025\/10\/IMG_7569-300x225.jpg 300w, https:\/\/wecandanceit.ch\/wp-content\/uploads\/2025\/10\/IMG_7569-768x576.jpg 768w, https:\/\/wecandanceit.ch\/wp-content\/uploads\/2025\/10\/IMG_7569.jpg 1280w\" sizes=\"(max-width: 800px) 100vw, 800px\" \/>\t\t\t\t\t\t\t\t\t\t\t\t\t\t\t<\/div>\n\t\t\t\t<div class=\"elementor-element elementor-element-975dd75 elementor-widget elementor-widget-spacer\" data-id=\"975dd75\" data-element_type=\"widget\" data-widget_type=\"spacer.default\">\n\t\t\t\t\t\t\t<div class=\"elementor-spacer\">\n\t\t\t<div class=\"elementor-spacer-inner\"><\/div>\n\t\t<\/div>\n\t\t\t\t\t\t<\/div>\n\t\t\t\t<div class=\"elementor-element elementor-element-b9e2ba6 animated-fast elementor-invisible elementor-widget elementor-widget-text-editor\" data-id=\"b9e2ba6\" data-element_type=\"widget\" data-settings=\"{&quot;_animation&quot;:&quot;fadeInLeft&quot;}\" data-widget_type=\"text-editor.default\">\n\t\t\t\t\t\t\t\t\t<h1><span style=\"color: #e61a80;\"><strong>Modalit\u00e9s<\/strong><\/span><\/h1>\t\t\t\t\t\t\t\t<\/div>\n\t\t\t\t<div class=\"elementor-element elementor-element-51273c0 elementor-widget__width-initial elementor-widget elementor-widget-text-editor\" data-id=\"51273c0\" data-element_type=\"widget\" data-widget_type=\"text-editor.default\">\n\t\t\t\t\t\t\t\t\t<h6 style=\"text-align: center;\"><span style=\"color: #e61a80;\"><strong>Le dispositif Team Care se d\u00e9ploie selon le format suivant :<\/strong><\/span><\/h6><h6 style=\"text-align: center;\"><span style=\"color: #000000;\"><span style=\"color: #e61a80;\">\u2022<\/span>\u00a0 <\/span><span style=\"color: #696969;\">Minimum deux bin\u00f4mes (soit quatre personnes) form\u00e9-e-x-s et r\u00e9mun\u00e9r\u00e9-e-x-s par WCDiT<\/span><\/h6><h6 style=\"text-align: center;\"><span style=\"color: #000000;\"><span style=\"color: #e61a80;\">\u2022<\/span>\u00a0 <\/span><span style=\"color: #696969;\">Une Safe Zone : espace calme, identifi\u00e9, d\u00e9cor\u00e9 et accessible, pour l\u2019accueil et l\u2019\u00e9coute<\/span><\/h6><h6 style=\"text-align: center;\"><span style=\"color: #000000;\"><span style=\"color: #e61a80;\">\u2022<\/span>\u00a0 <\/span><span style=\"color: #696969;\">Une \u00e9quipe en maraude : un ou plusieurs bin\u00f4mes mobiles dans les espaces publics de la soir\u00e9e<\/span><\/h6><h6 style=\"text-align: center;\"><span style=\"color: #000000;\"><span style=\"color: #e61a80;\">\u2022<\/span>\u00a0 <\/span><span style=\"color: #696969;\">Un lien radio avec la production, la s\u00e9curit\u00e9, les samaritains, (selon la manifestation)<\/span><\/h6>\t\t\t\t\t\t\t\t<\/div>\n\t\t\t\t\t<\/div>\n\t\t\t\t<\/div>\n\t\t<div class=\"elementor-element elementor-element-ad126a9 e-flex e-con-boxed e-con e-parent\" data-id=\"ad126a9\" data-element_type=\"container\">\n\t\t\t\t\t<div class=\"e-con-inner\">\n\t\t\t\t<div class=\"elementor-element elementor-element-dfe98f0 elementor-widget elementor-widget-spacer\" data-id=\"dfe98f0\" data-element_type=\"widget\" data-widget_type=\"spacer.default\">\n\t\t\t\t\t\t\t<div class=\"elementor-spacer\">\n\t\t\t<div class=\"elementor-spacer-inner\"><\/div>\n\t\t<\/div>\n\t\t\t\t\t\t<\/div>\n\t\t\t\t\t<\/div>\n\t\t\t\t<\/div>\n\t\t<div class=\"elementor-element elementor-element-ccfbbe4 e-flex e-con-boxed e-con e-parent\" data-id=\"ccfbbe4\" data-element_type=\"container\">\n\t\t\t\t\t<div class=\"e-con-inner\">\n\t\t\t\t<div class=\"elementor-element elementor-element-d1fbc97 elementor-invisible elementor-widget elementor-widget-image\" data-id=\"d1fbc97\" data-element_type=\"widget\" data-settings=\"{&quot;_animation&quot;:&quot;rotateInUpLeft&quot;}\" data-widget_type=\"image.default\">\n\t\t\t\t\t\t\t\t\t\t\t\t\t\t\t<img decoding=\"async\" width=\"800\" height=\"659\" src=\"https:\/\/wecandanceit.ch\/wp-content\/uploads\/2025\/02\/Illu-rose-1024x844.png\" class=\"attachment-large size-large wp-image-1790\" alt=\"\" srcset=\"https:\/\/wecandanceit.ch\/wp-content\/uploads\/2025\/02\/Illu-rose-1024x844.png 1024w, https:\/\/wecandanceit.ch\/wp-content\/uploads\/2025\/02\/Illu-rose-300x247.png 300w, https:\/\/wecandanceit.ch\/wp-content\/uploads\/2025\/02\/Illu-rose-768x633.png 768w, https:\/\/wecandanceit.ch\/wp-content\/uploads\/2025\/02\/Illu-rose-1536x1266.png 1536w, https:\/\/wecandanceit.ch\/wp-content\/uploads\/2025\/02\/Illu-rose-2048x1688.png 2048w, https:\/\/wecandanceit.ch\/wp-content\/uploads\/2025\/02\/Illu-rose-1080x890.png 1080w\" sizes=\"(max-width: 800px) 100vw, 800px\" \/>\t\t\t\t\t\t\t\t\t\t\t\t\t\t\t<\/div>\n\t\t\t\t\t<\/div>\n\t\t\t\t<\/div>\n\t\t<div class=\"elementor-element elementor-element-a21d498 e-flex e-con-boxed e-con e-parent\" data-id=\"a21d498\" data-element_type=\"container\">\n\t\t\t\t\t<div class=\"e-con-inner\">\n\t\t\t\t<div class=\"elementor-element elementor-element-55c493b elementor-widget elementor-widget-spacer\" data-id=\"55c493b\" data-element_type=\"widget\" data-widget_type=\"spacer.default\">\n\t\t\t\t\t\t\t<div class=\"elementor-spacer\">\n\t\t\t<div class=\"elementor-spacer-inner\"><\/div>\n\t\t<\/div>\n\t\t\t\t\t\t<\/div>\n\t\t\t\t\t<\/div>\n\t\t\t\t<\/div>\n\t\t\t\t<\/div>\n\t\t","protected":false},"excerpt":{"rendered":"<p>La Team Care D\u00e9finition La Team Care est un dispositif professionnel de pr\u00e9vention et de soin en milieu festif, d\u00e9velopp\u00e9 par l\u2019association We Can Dance iT \u00e0 Gen\u00e8ve. Elle intervient exclusivement dans les situations de violences sexistes, sexuelles et de genre (VSSG), aupr\u00e8s des personnes concern\u00e9es comme des t\u00e9moins. Une team care est une \u00e9quipe [&hellip;]<\/p>\n","protected":false},"author":1,"featured_media":0,"parent":0,"menu_order":0,"comment_status":"closed","ping_status":"closed","template":"","meta":{"footnotes":""},"class_list":["post-1914","page","type-page","status-publish","hentry"],"yoast_head":"<!-- This site is optimized with the Yoast SEO plugin v22.5 - https:\/\/yoast.com\/wordpress\/plugins\/seo\/ -->\n<title>La Team Care - We Can Dance It<\/title>\n<meta name=\"robots\" content=\"index, follow, max-snippet:-1, max-image-preview:large, max-video-preview:-1\" \/>\n<link rel=\"canonical\" href=\"https:\/\/wecandanceit.ch\/?page_id=1914\" \/>\n<meta property=\"og:locale\" content=\"fr_FR\" \/>\n<meta property=\"og:type\" content=\"article\" \/>\n<meta property=\"og:title\" content=\"La Team Care - We Can Dance It\" \/>\n<meta property=\"og:description\" content=\"La Team Care D\u00e9finition La Team Care est un dispositif professionnel de pr\u00e9vention et de soin en milieu festif, d\u00e9velopp\u00e9 par l\u2019association We Can Dance iT \u00e0 Gen\u00e8ve. Elle intervient exclusivement dans les situations de violences sexistes, sexuelles et de genre (VSSG), aupr\u00e8s des personnes concern\u00e9es comme des t\u00e9moins. Une team care est une \u00e9quipe [&hellip;]\" \/>\n<meta property=\"og:url\" content=\"https:\/\/wecandanceit.ch\/?page_id=1914\" \/>\n<meta property=\"og:site_name\" content=\"We Can Dance It\" \/>\n<meta property=\"article:modified_time\" content=\"2025-10-28T09:40:32+00:00\" \/>\n<meta property=\"og:image\" content=\"https:\/\/wecandanceit.ch\/wp-content\/uploads\/2025\/10\/IMG_7572-1024x768.jpg\" \/>\n<meta name=\"twitter:card\" content=\"summary_large_image\" \/>\n<script type=\"application\/ld+json\" class=\"yoast-schema-graph\">{\"@context\":\"https:\/\/schema.org\",\"@graph\":[{\"@type\":\"WebPage\",\"@id\":\"https:\/\/wecandanceit.ch\/?page_id=1914\",\"url\":\"https:\/\/wecandanceit.ch\/?page_id=1914\",\"name\":\"La Team Care - We Can Dance It\",\"isPartOf\":{\"@id\":\"https:\/\/wecandanceit.ch\/#website\"},\"primaryImageOfPage\":{\"@id\":\"https:\/\/wecandanceit.ch\/?page_id=1914#primaryimage\"},\"image\":{\"@id\":\"https:\/\/wecandanceit.ch\/?page_id=1914#primaryimage\"},\"thumbnailUrl\":\"https:\/\/wecandanceit.ch\/wp-content\/uploads\/2025\/10\/IMG_7572-1024x768.jpg\",\"datePublished\":\"2025-10-23T11:19:08+00:00\",\"dateModified\":\"2025-10-28T09:40:32+00:00\",\"breadcrumb\":{\"@id\":\"https:\/\/wecandanceit.ch\/?page_id=1914#breadcrumb\"},\"inLanguage\":\"fr-FR\",\"potentialAction\":[{\"@type\":\"ReadAction\",\"target\":[\"https:\/\/wecandanceit.ch\/?page_id=1914\"]}]},{\"@type\":\"ImageObject\",\"inLanguage\":\"fr-FR\",\"@id\":\"https:\/\/wecandanceit.ch\/?page_id=1914#primaryimage\",\"url\":\"https:\/\/wecandanceit.ch\/wp-content\/uploads\/2025\/10\/IMG_7572.jpg\",\"contentUrl\":\"https:\/\/wecandanceit.ch\/wp-content\/uploads\/2025\/10\/IMG_7572.jpg\",\"width\":1280,\"height\":960},{\"@type\":\"BreadcrumbList\",\"@id\":\"https:\/\/wecandanceit.ch\/?page_id=1914#breadcrumb\",\"itemListElement\":[{\"@type\":\"ListItem\",\"position\":1,\"name\":\"Accueil\",\"item\":\"https:\/\/wecandanceit.ch\/\"},{\"@type\":\"ListItem\",\"position\":2,\"name\":\"La Team Care\"}]},{\"@type\":\"WebSite\",\"@id\":\"https:\/\/wecandanceit.ch\/#website\",\"url\":\"https:\/\/wecandanceit.ch\/\",\"name\":\"We Can Dance It\",\"description\":\"sensibiliser aux violences sexistes et sexuelles dans le milieu culturel\",\"publisher\":{\"@id\":\"https:\/\/wecandanceit.ch\/#organization\"},\"potentialAction\":[{\"@type\":\"SearchAction\",\"target\":{\"@type\":\"EntryPoint\",\"urlTemplate\":\"https:\/\/wecandanceit.ch\/?s={search_term_string}\"},\"query-input\":\"required name=search_term_string\"}],\"inLanguage\":\"fr-FR\"},{\"@type\":\"Organization\",\"@id\":\"https:\/\/wecandanceit.ch\/#organization\",\"name\":\"We Can Dance iT\",\"alternateName\":\"WCDiT\",\"url\":\"https:\/\/wecandanceit.ch\/\",\"logo\":{\"@type\":\"ImageObject\",\"inLanguage\":\"fr-FR\",\"@id\":\"https:\/\/wecandanceit.ch\/#\/schema\/logo\/image\/\",\"url\":\"https:\/\/wecandanceit.ch\/wp-content\/uploads\/2025\/08\/logo_2_ROSE.png\",\"contentUrl\":\"https:\/\/wecandanceit.ch\/wp-content\/uploads\/2025\/08\/logo_2_ROSE.png\",\"width\":2360,\"height\":606,\"caption\":\"We Can Dance iT\"},\"image\":{\"@id\":\"https:\/\/wecandanceit.ch\/#\/schema\/logo\/image\/\"}}]}<\/script>\n<!-- \/ Yoast SEO plugin. -->","yoast_head_json":{"title":"La Team Care - We Can Dance It","robots":{"index":"index","follow":"follow","max-snippet":"max-snippet:-1","max-image-preview":"max-image-preview:large","max-video-preview":"max-video-preview:-1"},"canonical":"https:\/\/wecandanceit.ch\/?page_id=1914","og_locale":"fr_FR","og_type":"article","og_title":"La Team Care - We Can Dance It","og_description":"La Team Care D\u00e9finition La Team Care est un dispositif professionnel de pr\u00e9vention et de soin en milieu festif, d\u00e9velopp\u00e9 par l\u2019association We Can Dance iT \u00e0 Gen\u00e8ve. Elle intervient exclusivement dans les situations de violences sexistes, sexuelles et de genre (VSSG), aupr\u00e8s des personnes concern\u00e9es comme des t\u00e9moins. Une team care est une \u00e9quipe [&hellip;]","og_url":"https:\/\/wecandanceit.ch\/?page_id=1914","og_site_name":"We Can Dance It","article_modified_time":"2025-10-28T09:40:32+00:00","og_image":[{"url":"https:\/\/wecandanceit.ch\/wp-content\/uploads\/2025\/10\/IMG_7572-1024x768.jpg"}],"twitter_card":"summary_large_image","schema":{"@context":"https:\/\/schema.org","@graph":[{"@type":"WebPage","@id":"https:\/\/wecandanceit.ch\/?page_id=1914","url":"https:\/\/wecandanceit.ch\/?page_id=1914","name":"La Team Care - We Can Dance It","isPartOf":{"@id":"https:\/\/wecandanceit.ch\/#website"},"primaryImageOfPage":{"@id":"https:\/\/wecandanceit.ch\/?page_id=1914#primaryimage"},"image":{"@id":"https:\/\/wecandanceit.ch\/?page_id=1914#primaryimage"},"thumbnailUrl":"https:\/\/wecandanceit.ch\/wp-content\/uploads\/2025\/10\/IMG_7572-1024x768.jpg","datePublished":"2025-10-23T11:19:08+00:00","dateModified":"2025-10-28T09:40:32+00:00","breadcrumb":{"@id":"https:\/\/wecandanceit.ch\/?page_id=1914#breadcrumb"},"inLanguage":"fr-FR","potentialAction":[{"@type":"ReadAction","target":["https:\/\/wecandanceit.ch\/?page_id=1914"]}]},{"@type":"ImageObject","inLanguage":"fr-FR","@id":"https:\/\/wecandanceit.ch\/?page_id=1914#primaryimage","url":"https:\/\/wecandanceit.ch\/wp-content\/uploads\/2025\/10\/IMG_7572.jpg","contentUrl":"https:\/\/wecandanceit.ch\/wp-content\/uploads\/2025\/10\/IMG_7572.jpg","width":1280,"height":960},{"@type":"BreadcrumbList","@id":"https:\/\/wecandanceit.ch\/?page_id=1914#breadcrumb","itemListElement":[{"@type":"ListItem","position":1,"name":"Accueil","item":"https:\/\/wecandanceit.ch\/"},{"@type":"ListItem","position":2,"name":"La Team Care"}]},{"@type":"WebSite","@id":"https:\/\/wecandanceit.ch\/#website","url":"https:\/\/wecandanceit.ch\/","name":"We Can Dance It","description":"sensibiliser aux violences sexistes et sexuelles dans le milieu culturel","publisher":{"@id":"https:\/\/wecandanceit.ch\/#organization"},"potentialAction":[{"@type":"SearchAction","target":{"@type":"EntryPoint","urlTemplate":"https:\/\/wecandanceit.ch\/?s={search_term_string}"},"query-input":"required name=search_term_string"}],"inLanguage":"fr-FR"},{"@type":"Organization","@id":"https:\/\/wecandanceit.ch\/#organization","name":"We Can Dance iT","alternateName":"WCDiT","url":"https:\/\/wecandanceit.ch\/","logo":{"@type":"ImageObject","inLanguage":"fr-FR","@id":"https:\/\/wecandanceit.ch\/#\/schema\/logo\/image\/","url":"https:\/\/wecandanceit.ch\/wp-content\/uploads\/2025\/08\/logo_2_ROSE.png","contentUrl":"https:\/\/wecandanceit.ch\/wp-content\/uploads\/2025\/08\/logo_2_ROSE.png","width":2360,"height":606,"caption":"We Can Dance iT"},"image":{"@id":"https:\/\/wecandanceit.ch\/#\/schema\/logo\/image\/"}}]}},"_links":{"self":[{"href":"https:\/\/wecandanceit.ch\/index.php?rest_route=\/wp\/v2\/pages\/1914","targetHints":{"allow":["GET"]}}],"collection":[{"href":"https:\/\/wecandanceit.ch\/index.php?rest_route=\/wp\/v2\/pages"}],"about":[{"href":"https:\/\/wecandanceit.ch\/index.php?rest_route=\/wp\/v2\/types\/page"}],"author":[{"embeddable":true,"href":"https:\/\/wecandanceit.ch\/index.php?rest_route=\/wp\/v2\/users\/1"}],"replies":[{"embeddable":true,"href":"https:\/\/wecandanceit.ch\/index.php?rest_route=%2Fwp%2Fv2%2Fcomments&post=1914"}],"version-history":[{"count":49,"href":"https:\/\/wecandanceit.ch\/index.php?rest_route=\/wp\/v2\/pages\/1914\/revisions"}],"predecessor-version":[{"id":2738,"href":"https:\/\/wecandanceit.ch\/index.php?rest_route=\/wp\/v2\/pages\/1914\/revisions\/2738"}],"wp:attachment":[{"href":"https:\/\/wecandanceit.ch\/index.php?rest_route=%2Fwp%2Fv2%2Fmedia&parent=1914"}],"curies":[{"name":"wp","href":"https:\/\/api.w.org\/{rel}","templated":true}]}}